{"id":165,"date":"2024-06-10T15:30:12","date_gmt":"2024-06-10T13:30:12","guid":{"rendered":"https:\/\/esaconseils.fr\/?page_id=165"},"modified":"2024-10-23T16:04:55","modified_gmt":"2024-10-23T14:04:55","slug":"formations-duerp-2","status":"publish","type":"page","link":"https:\/\/esaconseils.fr\/index.php\/formations-duerp-2\/","title":{"rendered":"Formations DUERP"},"content":{"rendered":"\n<h3 class=\"wp-block-heading has-ti-accent-secondary-color has-text-color has-link-color wp-elements-b912cd919751b294ae416bf595f21e83\">Mettre \u00e0 jour et mieux exploiter son document unique d&rsquo;\u00e9valuation des risques professionnels (DUERP)<\/h3>\n\n\n\n<p style=\"font-size:clamp(22.041px, 1.378rem + ((1vw - 3.2px) * 1.702), 36px);\"><strong>A partir d&rsquo;1 jour <\/strong><\/p>\n\n\n\n<figure class=\"wp-block-table\"><table class=\"has-background\" style=\"background:linear-gradient(135deg,rgb(252,185,0) 0%,rgb(255,255,255) 41%,rgb(255,105,0) 100%)\"><tbody><tr><td><strong>Dur\u00e9e<\/strong><\/td><td><strong>A d\u00e9finir en fonction de la taille de l&rsquo;entreprise et secteur d&rsquo;activit\u00e9<\/strong><\/td><\/tr><tr><td><strong>Tarifs<\/strong><\/td><td><strong>Sur Devis<\/strong> <strong>suivant crit\u00e8res ci-dessus<\/strong><br><strong>Tarif de base minimum = 630\u20ac TTC pour 7 H<\/strong><\/td><\/tr><tr><td><strong>Dates<\/strong><\/td><td><strong>Nous contacter<\/strong><\/td><\/tr><\/tbody><\/table><figcaption class=\"wp-element-caption\"><strong>Formation individuel sur site ou en centre de formation<\/strong><\/figcaption><\/figure>\n\n\n\n<div class=\"wp-block-cover is-light\"><span aria-hidden=\"true\" class=\"wp-block-cover__background has-background-dim\" style=\"background-color:#b9a88e\"><\/span><img loading=\"lazy\" decoding=\"async\" width=\"1000\" height=\"714\" class=\"wp-block-cover__image-background wp-image-180\" alt=\"\" src=\"http:\/\/esaconseils.fr\/wp-content\/uploads\/2024\/06\/iprp.png\" data-object-fit=\"cover\" srcset=\"https:\/\/esaconseils.fr\/wp-content\/uploads\/2024\/06\/iprp.png 1000w, https:\/\/esaconseils.fr\/wp-content\/uploads\/2024\/06\/iprp-300x214.png 300w, https:\/\/esaconseils.fr\/wp-content\/uploads\/2024\/06\/iprp-768x548.png 768w\" sizes=\"auto, (max-width: 1000px) 100vw, 1000px\" \/><div class=\"wp-block-cover__inner-container is-layout-flow wp-block-cover-is-layout-flow\">\n<p class=\"has-text-align-center has-large-font-size\"><\/p>\n<\/div><\/div>\n\n\n\n<div data-wp-interactive=\"core\/file\" class=\"wp-block-file\"><object data-wp-bind--hidden=\"!state.hasPdfPreview\" hidden class=\"wp-block-file__embed\" data=\"https:\/\/esaconseils.fr\/wp-content\/uploads\/2024\/10\/programme-MISE-A-JOUR-duerp-06-2024.pdf\" type=\"application\/pdf\" style=\"width:100%;height:600px\" aria-label=\"Contenu embarqu\u00e9 programme  MISE A JOUR duerp 06-2024.\"><\/object><a id=\"wp-block-file--media-187546d5-0d77-43bf-91ac-cdadd4d6204d\" href=\"https:\/\/esaconseils.fr\/wp-content\/uploads\/2024\/10\/programme-MISE-A-JOUR-duerp-06-2024.pdf\">programme  MISE A JOUR duerp 06-2024<\/a><a href=\"https:\/\/esaconseils.fr\/wp-content\/uploads\/2024\/10\/programme-MISE-A-JOUR-duerp-06-2024.pdf\" class=\"wp-block-file__button wp-element-button\" download aria-describedby=\"wp-block-file--media-187546d5-0d77-43bf-91ac-cdadd4d6204d\">T\u00e9l\u00e9charger<\/a><\/div>\n","protected":false},"excerpt":{"rendered":"<p>Mettre \u00e0 jour et mieux exploiter son document unique d&rsquo;\u00e9valuation des risques professionnels (DUERP) A partir d&rsquo;1 jour Dur\u00e9e A d\u00e9finir en fonction de la taille de l&rsquo;entreprise et secteur d&rsquo;activit\u00e9 Tarifs Sur Devis suivant crit\u00e8res ci-dessusTarif de base minimum = 630\u20ac TTC pour 7 H Dates Nous contacter Formation individuel sur site ou en [&hellip;]<\/p>\n","protected":false},"author":1,"featured_media":0,"parent":0,"menu_order":0,"comment_status":"closed","ping_status":"closed","template":"","meta":{"footnotes":""},"class_list":["post-165","page","type-page","status-publish","hentry"],"_links":{"self":[{"href":"https:\/\/esaconseils.fr\/index.php\/wp-json\/wp\/v2\/pages\/165","targetHints":{"allow":["GET"]}}],"collection":[{"href":"https:\/\/esaconseils.fr\/index.php\/wp-json\/wp\/v2\/pages"}],"about":[{"href":"https:\/\/esaconseils.fr\/index.php\/wp-json\/wp\/v2\/types\/page"}],"author":[{"embeddable":true,"href":"https:\/\/esaconseils.fr\/index.php\/wp-json\/wp\/v2\/users\/1"}],"replies":[{"embeddable":true,"href":"https:\/\/esaconseils.fr\/index.php\/wp-json\/wp\/v2\/comments?post=165"}],"version-history":[{"count":6,"href":"https:\/\/esaconseils.fr\/index.php\/wp-json\/wp\/v2\/pages\/165\/revisions"}],"predecessor-version":[{"id":306,"href":"https:\/\/esaconseils.fr\/index.php\/wp-json\/wp\/v2\/pages\/165\/revisions\/306"}],"wp:attachment":[{"href":"https:\/\/esaconseils.fr\/index.php\/wp-json\/wp\/v2\/media?parent=165"}],"curies":[{"name":"wp","href":"https:\/\/api.w.org\/{rel}","templated":true}]}}