{"id":206,"date":"2024-06-10T15:55:48","date_gmt":"2024-06-10T13:55:48","guid":{"rendered":"https:\/\/esaconseils.fr\/?page_id=206"},"modified":"2024-06-13T17:01:49","modified_gmt":"2024-06-13T15:01:49","slug":"acceder-a-la-formation","status":"publish","type":"page","link":"https:\/\/esaconseils.fr\/index.php\/acceder-a-la-formation\/","title":{"rendered":"Acc\u00e9der \u00e0 la formation"},"content":{"rendered":"\n<h3 class=\"wp-block-heading\">Les 3 prochaines \u00e9tapes<\/h3>\n\n\n\n<div class=\"wp-block-media-text is-stacked-on-mobile\"><figure class=\"wp-block-media-text__media\"><img loading=\"lazy\" decoding=\"async\" width=\"480\" height=\"329\" src=\"http:\/\/esaconseils.fr\/wp-content\/uploads\/2024\/05\/image.png\" alt=\"\" class=\"wp-image-158 size-full\" srcset=\"https:\/\/esaconseils.fr\/wp-content\/uploads\/2024\/05\/image.png 480w, https:\/\/esaconseils.fr\/wp-content\/uploads\/2024\/05\/image-300x206.png 300w\" sizes=\"auto, (max-width: 480px) 100vw, 480px\" \/><\/figure><div class=\"wp-block-media-text__content\">\n<div class=\"wp-block-group is-layout-constrained wp-block-group-is-layout-constrained\">\n<pre class=\"wp-block-preformatted has-normal-font-size\">Prenons&nbsp;rendez-vous&nbsp;pour discuter de votre projet, de vos besoins et de vos attentes.&nbsp;<br><br>Je verrai o\u00f9 vous en \u00eates dans votre projet et ce que vous avez d\u00e9j\u00e0 mis en \u0153uvre afin d'adapter la formation \u00e0 votre situation.<\/pre>\n<\/div>\n<\/div><\/div>\n\n\n\n<div class=\"wp-block-media-text is-stacked-on-mobile\"><figure class=\"wp-block-media-text__media\"><img loading=\"lazy\" decoding=\"async\" width=\"320\" height=\"237\" src=\"http:\/\/esaconseils.fr\/wp-content\/uploads\/2024\/05\/image-1.png\" alt=\"\" class=\"wp-image-159 size-full\" srcset=\"https:\/\/esaconseils.fr\/wp-content\/uploads\/2024\/05\/image-1.png 320w, https:\/\/esaconseils.fr\/wp-content\/uploads\/2024\/05\/image-1-300x222.png 300w\" sizes=\"auto, (max-width: 320px) 100vw, 320px\" \/><\/figure><div class=\"wp-block-media-text__content\">\n<div class=\"wp-block-group is-layout-constrained wp-block-group-is-layout-constrained\">\n<pre class=\"wp-block-preformatted has-normal-font-size\">Je vous transmets vos documents d'inscription (devis, contrat ou convention de formation). <br><br>Nous pourrons alors pr\u00e9parer votre dossier de demande de prise en charge si besoin.<\/pre>\n<\/div>\n<\/div><\/div>\n\n\n\n<div class=\"wp-block-media-text is-stacked-on-mobile\"><figure class=\"wp-block-media-text__media\"><img loading=\"lazy\" decoding=\"async\" width=\"480\" height=\"329\" src=\"http:\/\/esaconseils.fr\/wp-content\/uploads\/2024\/05\/image-2.png\" alt=\"\" class=\"wp-image-160 size-full\" srcset=\"https:\/\/esaconseils.fr\/wp-content\/uploads\/2024\/05\/image-2.png 480w, https:\/\/esaconseils.fr\/wp-content\/uploads\/2024\/05\/image-2-300x206.png 300w\" sizes=\"auto, (max-width: 480px) 100vw, 480px\" \/><\/figure><div class=\"wp-block-media-text__content\">\n<div class=\"wp-block-group is-layout-constrained wp-block-group-is-layout-constrained\">\n<pre class=\"wp-block-preformatted has-normal-font-size\">Organisez la formation \u00e0 votre rythme. Une fois votre inscription valid\u00e9e, je vous donnerai l'acc\u00e8s \u00e0 mon agenda afin de programmer les s\u00e9ances \u00e0 votre convenance. <\/pre>\n<\/div>\n<\/div><\/div>\n\n\n\n\n\n<p><\/p>\n\n\n\n<div class=\"wp-block-cover is-light\"><span aria-hidden=\"true\" class=\"wp-block-cover__background has-background-dim\" style=\"background-color:#dad0c5\"><\/span><img loading=\"lazy\" decoding=\"async\" width=\"1200\" height=\"750\" class=\"wp-block-cover__image-background wp-image-207\" alt=\"\" src=\"http:\/\/esaconseils.fr\/wp-content\/uploads\/2024\/06\/CONTACT.png\" data-object-fit=\"cover\" srcset=\"https:\/\/esaconseils.fr\/wp-content\/uploads\/2024\/06\/CONTACT.png 1200w, https:\/\/esaconseils.fr\/wp-content\/uploads\/2024\/06\/CONTACT-300x188.png 300w, https:\/\/esaconseils.fr\/wp-content\/uploads\/2024\/06\/CONTACT-1024x640.png 1024w, https:\/\/esaconseils.fr\/wp-content\/uploads\/2024\/06\/CONTACT-768x480.png 768w\" sizes=\"auto, (max-width: 1200px) 100vw, 1200px\" \/><div class=\"wp-block-cover__inner-container is-layout-constrained wp-block-cover-is-layout-constrained\">\n<h3 class=\"wp-block-heading\">Prenons rendez-vous pour faire le point sur votre projet !<\/h3>\n\n\n\n<p><strong>Un \u00e9change de 30 minutes pour r\u00e9pondre \u00e0 toutes vos questions<\/strong>\u00a0au sujet de la formation qui vous int\u00e9resse :<\/p>\n\n\n\n<p>&nbsp;&gt; Valider que la formation est bien adapt\u00e9e \u00e0 vos attentes et besoins&nbsp;<\/p>\n\n\n\n<p>\u00a0> Confirmer les modalit\u00e9s d&rsquo;inscription\u00a0<\/p>\n<\/div><\/div>\n","protected":false},"excerpt":{"rendered":"<p>Les 3 prochaines \u00e9tapes<\/p>\n","protected":false},"author":1,"featured_media":0,"parent":0,"menu_order":0,"comment_status":"closed","ping_status":"closed","template":"","meta":{"footnotes":""},"class_list":["post-206","page","type-page","status-publish","hentry"],"_links":{"self":[{"href":"https:\/\/esaconseils.fr\/index.php\/wp-json\/wp\/v2\/pages\/206","targetHints":{"allow":["GET"]}}],"collection":[{"href":"https:\/\/esaconseils.fr\/index.php\/wp-json\/wp\/v2\/pages"}],"about":[{"href":"https:\/\/esaconseils.fr\/index.php\/wp-json\/wp\/v2\/types\/page"}],"author":[{"embeddable":true,"href":"https:\/\/esaconseils.fr\/index.php\/wp-json\/wp\/v2\/users\/1"}],"replies":[{"embeddable":true,"href":"https:\/\/esaconseils.fr\/index.php\/wp-json\/wp\/v2\/comments?post=206"}],"version-history":[{"count":4,"href":"https:\/\/esaconseils.fr\/index.php\/wp-json\/wp\/v2\/pages\/206\/revisions"}],"predecessor-version":[{"id":260,"href":"https:\/\/esaconseils.fr\/index.php\/wp-json\/wp\/v2\/pages\/206\/revisions\/260"}],"wp:attachment":[{"href":"https:\/\/esaconseils.fr\/index.php\/wp-json\/wp\/v2\/media?parent=206"}],"curies":[{"name":"wp","href":"https:\/\/api.w.org\/{rel}","templated":true}]}}